{"id":37,"date":"2020-05-02T19:43:44","date_gmt":"2020-05-02T19:43:44","guid":{"rendered":"http:\/\/medics-md.de\/?page_id=37"},"modified":"2021-06-30T11:29:46","modified_gmt":"2021-06-30T11:29:46","slug":"impressum","status":"publish","type":"page","link":"https:\/\/medics-md.de\/en\/impressum\/","title":{"rendered":"Site Notice"},"content":{"rendered":"<h2>Angaben gem\u00e4\u00df \u00a7 5 TMG<\/h2>\n<p>MEDICS GmbH<\/p>\n<p>Alt Prester 72<\/p>\n<p>39114 Magdeburg<\/p>\n<p>Handelsregister: HRB 28353<\/p>\n<p>Registergericht: Amtsgericht Stendal<\/p>\n<p><strong>Vertreten durch:<\/strong><\/p>\n<p>Dr. Axel Boese<\/p>\n<h2>Contact<\/h2>\n<p>Telefon: 0049 17626298801<\/p>\n<p>E-Mail: boese@medics-md.de<\/p>\n<h2>Umsatzsteuer-ID<\/h2>\n<p>Umsatzsteuer-Identifikationsnummer gem\u00e4\u00df \u00a7 27 a Umsatzsteuergesetz:<\/p>\n<p>DE 330606763<\/p>\n<h2>Redaktionell verantwortlich<\/h2>\n<p>Dr. Axel Boese<\/p>\n<h2>EU-Streitschlichtung<\/h2>\n<p>Die Europ\u00e4ische Kommission stellt eine Plattform zur Online-Streitbeilegung (OS) bereit: <a href=\"https:\/\/ec.europa.eu\/consumers\/odr\/\" target=\"_blank\" rel=\"noopener noreferrer\">https:\/\/ec.europa.eu\/consumers\/odr\/<\/a>.<br \/>\nUnsere E-Mail-Adresse finden Sie oben im Impressum.<\/p>\n<h2>Verbraucher\u00adstreit\u00adbeilegung\/Universal\u00adschlichtungs\u00adstelle<\/h2>\n<p>Wir nehmen an einem Streitbeilegungsverfahren vor einer Verbraucherschlichtungsstelle teil. Zust\u00e4ndig ist die Universalschlichtungsstelle des Zentrums f\u00fcr Schlichtung e.V., Stra\u00dfburger Stra\u00dfe 8, 77694 Kehl am Rhein (<a href=\"https:\/\/www.verbraucher-schlichter.de\" rel=\"noopener noreferrer\" target=\"_blank\">https:\/\/www.verbraucher-schlichter.de<\/a>).<\/p>","protected":false},"excerpt":{"rendered":"<p>Angaben gem\u00e4\u00df \u00a7 5 TMG MEDICS GmbH Alt Prester 72 39114 Magdeburg Handelsregister: HRB 28353 Registergericht: Amtsgericht Stendal Vertreten durch: Dr. Axel Boese Kontakt Telefon: 0049 17626298801 E-Mail: boese@medics-md.de Umsatzsteuer-ID Umsatzsteuer-Identifikationsnummer gem\u00e4\u00df \u00a7 27 a Umsatzsteuergesetz: DE 330606763 Redaktionell verantwortlich Dr. Axel Boese EU-Streitschlichtung Die Europ\u00e4ische Kommission stellt eine Plattform zur Online-Streitbeilegung (OS) bereit: https:\/\/ec.europa.eu\/consumers\/odr\/. &#8230; <a title=\"Site Notice\" class=\"read-more\" href=\"https:\/\/medics-md.de\/en\/impressum\/\">Read more <span class=\"screen-reader-text\">Site Notice<\/span><\/a><\/p>","protected":false},"author":2,"featured_media":0,"parent":0,"menu_order":0,"comment_status":"closed","ping_status":"closed","template":"","meta":{"footnotes":""},"class_list":["post-37","page","type-page","status-publish"],"yoast_head":"<!-- This site is optimized with the Yoast SEO plugin v27.4 - https:\/\/yoast.com\/product\/yoast-seo-wordpress\/ -->\n<title>Impressum - MEDICS GmbH<\/title>\n<meta name=\"robots\" content=\"index, follow, max-snippet:-1, max-image-preview:large, max-video-preview:-1\" \/>\n<link rel=\"canonical\" href=\"https:\/\/medics-md.de\/en\/impressum\/\" \/>\n<meta property=\"og:locale\" content=\"en_US\" \/>\n<meta property=\"og:type\" content=\"article\" \/>\n<meta property=\"og:title\" content=\"Impressum - MEDICS GmbH\" \/>\n<meta property=\"og:description\" content=\"Angaben gem\u00e4\u00df \u00a7 5 TMG MEDICS GmbH Alt Prester 72 39114 Magdeburg Handelsregister: HRB 28353 Registergericht: Amtsgericht Stendal Vertreten durch: Dr. Axel Boese Kontakt Telefon: 0049 17626298801 E-Mail: boese@medics-md.de Umsatzsteuer-ID Umsatzsteuer-Identifikationsnummer gem\u00e4\u00df \u00a7 27 a Umsatzsteuergesetz: DE 330606763 Redaktionell verantwortlich Dr. Axel Boese EU-Streitschlichtung Die Europ\u00e4ische Kommission stellt eine Plattform zur Online-Streitbeilegung (OS) bereit: https:\/\/ec.europa.eu\/consumers\/odr\/. ... Read more Impressum\" \/>\n<meta property=\"og:url\" content=\"https:\/\/medics-md.de\/en\/impressum\/\" \/>\n<meta property=\"og:site_name\" content=\"MEDICS GmbH\" \/>\n<meta property=\"article:modified_time\" content=\"2021-06-30T11:29:46+00:00\" \/>\n<meta name=\"twitter:card\" content=\"summary_large_image\" \/>\n<script type=\"application\/ld+json\" class=\"yoast-schema-graph\">{\"@context\":\"https:\\\/\\\/schema.org\",\"@graph\":[{\"@type\":\"WebPage\",\"@id\":\"https:\\\/\\\/medics-md.de\\\/impressum\\\/\",\"url\":\"https:\\\/\\\/medics-md.de\\\/impressum\\\/\",\"name\":\"Impressum - MEDICS GmbH\",\"isPartOf\":{\"@id\":\"https:\\\/\\\/medics-md.de\\\/#website\"},\"datePublished\":\"2020-05-02T19:43:44+00:00\",\"dateModified\":\"2021-06-30T11:29:46+00:00\",\"breadcrumb\":{\"@id\":\"https:\\\/\\\/medics-md.de\\\/impressum\\\/#breadcrumb\"},\"inLanguage\":\"en-US\",\"potentialAction\":[{\"@type\":\"ReadAction\",\"target\":[\"https:\\\/\\\/medics-md.de\\\/impressum\\\/\"]}]},{\"@type\":\"BreadcrumbList\",\"@id\":\"https:\\\/\\\/medics-md.de\\\/impressum\\\/#breadcrumb\",\"itemListElement\":[{\"@type\":\"ListItem\",\"position\":1,\"name\":\"Startseite\",\"item\":\"https:\\\/\\\/medics-md.de\\\/\"},{\"@type\":\"ListItem\",\"position\":2,\"name\":\"Impressum\"}]},{\"@type\":\"WebSite\",\"@id\":\"https:\\\/\\\/medics-md.de\\\/#website\",\"url\":\"https:\\\/\\\/medics-md.de\\\/\",\"name\":\"MEDICS GmbH\",\"description\":\"Medical Innovation till Certification Services \",\"publisher\":{\"@id\":\"https:\\\/\\\/medics-md.de\\\/#organization\"},\"potentialAction\":[{\"@type\":\"SearchAction\",\"target\":{\"@type\":\"EntryPoint\",\"urlTemplate\":\"https:\\\/\\\/medics-md.de\\\/?s={search_term_string}\"},\"query-input\":{\"@type\":\"PropertyValueSpecification\",\"valueRequired\":true,\"valueName\":\"search_term_string\"}}],\"inLanguage\":\"en-US\"},{\"@type\":\"Organization\",\"@id\":\"https:\\\/\\\/medics-md.de\\\/#organization\",\"name\":\"MEDICS GmbH\",\"url\":\"https:\\\/\\\/medics-md.de\\\/\",\"logo\":{\"@type\":\"ImageObject\",\"inLanguage\":\"en-US\",\"@id\":\"https:\\\/\\\/medics-md.de\\\/#\\\/schema\\\/logo\\\/image\\\/\",\"url\":\"https:\\\/\\\/medics-md.de\\\/wp-content\\\/uploads\\\/2020\\\/06\\\/MEDICS-LOGO.gif\",\"contentUrl\":\"https:\\\/\\\/medics-md.de\\\/wp-content\\\/uploads\\\/2020\\\/06\\\/MEDICS-LOGO.gif\",\"width\":334,\"height\":106,\"caption\":\"MEDICS GmbH\"},\"image\":{\"@id\":\"https:\\\/\\\/medics-md.de\\\/#\\\/schema\\\/logo\\\/image\\\/\"},\"sameAs\":[\"https:\\\/\\\/www.linkedin.com\\\/company\\\/medics-md\\\/\"]}]}<\/script>\n<!-- \/ Yoast SEO plugin. -->","yoast_head_json":{"title":"Impressum - MEDICS GmbH","robots":{"index":"index","follow":"follow","max-snippet":"max-snippet:-1","max-image-preview":"max-image-preview:large","max-video-preview":"max-video-preview:-1"},"canonical":"https:\/\/medics-md.de\/en\/impressum\/","og_locale":"en_US","og_type":"article","og_title":"Impressum - MEDICS GmbH","og_description":"Angaben gem\u00e4\u00df \u00a7 5 TMG MEDICS GmbH Alt Prester 72 39114 Magdeburg Handelsregister: HRB 28353 Registergericht: Amtsgericht Stendal Vertreten durch: Dr. Axel Boese Kontakt Telefon: 0049 17626298801 E-Mail: boese@medics-md.de Umsatzsteuer-ID Umsatzsteuer-Identifikationsnummer gem\u00e4\u00df \u00a7 27 a Umsatzsteuergesetz: DE 330606763 Redaktionell verantwortlich Dr. Axel Boese EU-Streitschlichtung Die Europ\u00e4ische Kommission stellt eine Plattform zur Online-Streitbeilegung (OS) bereit: https:\/\/ec.europa.eu\/consumers\/odr\/. ... Read more Impressum","og_url":"https:\/\/medics-md.de\/en\/impressum\/","og_site_name":"MEDICS GmbH","article_modified_time":"2021-06-30T11:29:46+00:00","twitter_card":"summary_large_image","schema":{"@context":"https:\/\/schema.org","@graph":[{"@type":"WebPage","@id":"https:\/\/medics-md.de\/impressum\/","url":"https:\/\/medics-md.de\/impressum\/","name":"Impressum - MEDICS GmbH","isPartOf":{"@id":"https:\/\/medics-md.de\/#website"},"datePublished":"2020-05-02T19:43:44+00:00","dateModified":"2021-06-30T11:29:46+00:00","breadcrumb":{"@id":"https:\/\/medics-md.de\/impressum\/#breadcrumb"},"inLanguage":"en-US","potentialAction":[{"@type":"ReadAction","target":["https:\/\/medics-md.de\/impressum\/"]}]},{"@type":"BreadcrumbList","@id":"https:\/\/medics-md.de\/impressum\/#breadcrumb","itemListElement":[{"@type":"ListItem","position":1,"name":"Startseite","item":"https:\/\/medics-md.de\/"},{"@type":"ListItem","position":2,"name":"Impressum"}]},{"@type":"WebSite","@id":"https:\/\/medics-md.de\/#website","url":"https:\/\/medics-md.de\/","name":"MEDICS GmbH","description":"Medical Innovation till Certification Services","publisher":{"@id":"https:\/\/medics-md.de\/#organization"},"potentialAction":[{"@type":"SearchAction","target":{"@type":"EntryPoint","urlTemplate":"https:\/\/medics-md.de\/?s={search_term_string}"},"query-input":{"@type":"PropertyValueSpecification","valueRequired":true,"valueName":"search_term_string"}}],"inLanguage":"en-US"},{"@type":"Organization","@id":"https:\/\/medics-md.de\/#organization","name":"MEDICS GmbH","url":"https:\/\/medics-md.de\/","logo":{"@type":"ImageObject","inLanguage":"en-US","@id":"https:\/\/medics-md.de\/#\/schema\/logo\/image\/","url":"https:\/\/medics-md.de\/wp-content\/uploads\/2020\/06\/MEDICS-LOGO.gif","contentUrl":"https:\/\/medics-md.de\/wp-content\/uploads\/2020\/06\/MEDICS-LOGO.gif","width":334,"height":106,"caption":"MEDICS GmbH"},"image":{"@id":"https:\/\/medics-md.de\/#\/schema\/logo\/image\/"},"sameAs":["https:\/\/www.linkedin.com\/company\/medics-md\/"]}]}},"_links":{"self":[{"href":"https:\/\/medics-md.de\/en\/wp-json\/wp\/v2\/pages\/37","targetHints":{"allow":["GET"]}}],"collection":[{"href":"https:\/\/medics-md.de\/en\/wp-json\/wp\/v2\/pages"}],"about":[{"href":"https:\/\/medics-md.de\/en\/wp-json\/wp\/v2\/types\/page"}],"author":[{"embeddable":true,"href":"https:\/\/medics-md.de\/en\/wp-json\/wp\/v2\/users\/2"}],"replies":[{"embeddable":true,"href":"https:\/\/medics-md.de\/en\/wp-json\/wp\/v2\/comments?post=37"}],"version-history":[{"count":4,"href":"https:\/\/medics-md.de\/en\/wp-json\/wp\/v2\/pages\/37\/revisions"}],"predecessor-version":[{"id":190,"href":"https:\/\/medics-md.de\/en\/wp-json\/wp\/v2\/pages\/37\/revisions\/190"}],"wp:attachment":[{"href":"https:\/\/medics-md.de\/en\/wp-json\/wp\/v2\/media?parent=37"}],"curies":[{"name":"wp","href":"https:\/\/api.w.org\/{rel}","templated":true}]}}